{"id":82,"date":"2016-11-29T05:05:02","date_gmt":"2016-11-29T05:05:02","guid":{"rendered":"https:\/\/oceanwp.org\/stylish\/?page_id=82"},"modified":"2024-07-30T20:22:42","modified_gmt":"2024-07-30T19:22:42","slug":"contact","status":"publish","type":"page","link":"https:\/\/studiogold.al\/en\/contact\/","title":{"rendered":"Contact Us"},"content":{"rendered":"<div data-elementor-type=\"wp-post\" data-elementor-id=\"82\" class=\"elementor elementor-82\">\n\t\t\t\t\t\t<section class=\"elementor-section elementor-top-section elementor-element elementor-element-lwmmwlv elementor-section-height-min-height elementor-section-boxed elementor-section-height-default elementor-section-items-middle\" data-id=\"lwmmwlv\" data-element_type=\"section\" data-settings=\"{&quot;background_background&quot;:&quot;classic&quot;}\">\n\t\t\t\t\t\t\t<div class=\"elementor-background-overlay\"><\/div>\n\t\t\t\t\t\t\t<div class=\"elementor-container elementor-column-gap-default\">\n\t\t\t\t\t<div class=\"elementor-column elementor-col-100 elementor-top-column elementor-element elementor-element-qxtezwv\" data-id=\"qxtezwv\" data-element_type=\"column\">\n\t\t\t<div class=\"elementor-widget-wrap elementor-element-populated\">\n\t\t\t\t\t\t<div class=\"elementor-element elementor-element-ualnwoa elementor-widget elementor-widget-heading\" data-id=\"ualnwoa\" data-element_type=\"widget\" data-widget_type=\"heading.default\">\n\t\t\t\t<div class=\"elementor-widget-container\">\n\t\t\t\t\t<h1 class=\"elementor-heading-title elementor-size-default\">Capturing eternal moments, creating eternal memories<\/h1>\t\t\t\t<\/div>\n\t\t\t\t<\/div>\n\t\t\t\t\t<\/div>\n\t\t<\/div>\n\t\t\t\t\t<\/div>\n\t\t<\/section>\n\t\t\t\t<section class=\"elementor-section elementor-top-section elementor-element elementor-element-hdhwtjh elementor-section-boxed elementor-section-height-default elementor-section-height-default\" data-id=\"hdhwtjh\" data-element_type=\"section\">\n\t\t\t\t\t\t<div class=\"elementor-container elementor-column-gap-default\">\n\t\t\t\t\t<div class=\"elementor-column elementor-col-100 elementor-top-column elementor-element elementor-element-hencdof\" data-id=\"hencdof\" data-element_type=\"column\">\n\t\t\t<div class=\"elementor-widget-wrap elementor-element-populated\">\n\t\t\t\t\t\t<div class=\"elementor-element elementor-element-ffoelsr elementor-widget elementor-widget-heading\" data-id=\"ffoelsr\" data-element_type=\"widget\" data-widget_type=\"heading.default\">\n\t\t\t\t<div class=\"elementor-widget-container\">\n\t\t\t\t\t<h2 class=\"elementor-heading-title elementor-size-default\">Let's get in touch<\/h2>\t\t\t\t<\/div>\n\t\t\t\t<\/div>\n\t\t\t\t\t<\/div>\n\t\t<\/div>\n\t\t\t\t\t<\/div>\n\t\t<\/section>\n\t\t<div class=\"elementor-element elementor-element-e4f5c18 e-flex e-con-boxed e-con e-parent\" data-id=\"e4f5c18\" data-element_type=\"container\">\n\t\t\t\t\t<div class=\"e-con-inner\">\n\t\t\t\t<div class=\"elementor-element elementor-element-5bc75b1 .elementor-button-wrapper elementor-widget elementor-widget-wpforms\" data-id=\"5bc75b1\" data-element_type=\"widget\" data-widget_type=\"wpforms.default\">\n\t\t\t\t<div class=\"elementor-widget-container\">\n\t\t\t\t\t<style id=\"wpforms-css-vars-elementor-widget-5bc75b1\">\n\t\t\t\t.elementor-widget-wpforms.elementor-element-5bc75b1 {\n\t\t\t\t--wpforms-field-text-color: #FFFFFFB3;\n\n\t\t\t}\n\t\t\t<\/style><div class=\"wpforms-container wpforms-container-full wpforms-render-modern\" id=\"wpforms-543\"><form id=\"wpforms-form-543\" class=\"wpforms-validate wpforms-form wpforms-ajax-form\" data-formid=\"543\" method=\"post\" enctype=\"multipart\/form-data\" action=\"\/en\/wp-json\/wp\/v2\/pages\/82\" data-token=\"609c4564b047e5ac5230ee64f4ad1aab\" data-token-time=\"1775652343\" data-trp-original-action=\"\/en\/wp-json\/wp\/v2\/pages\/82\"><noscript class=\"wpforms-error-noscript\">Please enable JavaScript in your browser to complete this form.<\/noscript><div class=\"wpforms-hidden\" id=\"wpforms-error-noscript\">Please enable JavaScript in your browser to complete this form.<\/div><div class=\"wpforms-field-container\"><div id=\"wpforms-543-field_0-container\" class=\"wpforms-field wpforms-field-name\" data-field-id=\"0\"><label class=\"wpforms-field-label\" for=\"wpforms-543-field_0\">Name <span class=\"wpforms-required-label\" aria-hidden=\"true\">*<\/span><\/label><input type=\"text\" id=\"wpforms-543-field_0\" class=\"wpforms-field-medium wpforms-field-required\" name=\"wpforms[fields][0]\" aria-errormessage=\"wpforms-543-field_0-error\" required><\/div>\t\t<div id=\"wpforms-543-field_1-container\"\n\t\t\tclass=\"wpforms-field wpforms-field-text\"\n\t\t\tdata-field-type=\"text\"\n\t\t\tdata-field-id=\"1\"\n\t\t\t>\n\t\t\t<label class=\"wpforms-field-label\" for=\"wpforms-543-field_1\" >Mesazhi Email Emri<\/label>\n\t\t\t<input type=\"text\" id=\"wpforms-543-field_1\" class=\"wpforms-field-medium\" name=\"wpforms[fields][1]\" >\n\t\t<\/div>\n\t\t<div id=\"wpforms-543-field_3-container\" class=\"wpforms-field wpforms-field-email\" data-field-id=\"3\"><label class=\"wpforms-field-label\" for=\"wpforms-543-field_3\">Email <span class=\"wpforms-required-label\" aria-hidden=\"true\">*<\/span><\/label><input type=\"email\" id=\"wpforms-543-field_3\" class=\"wpforms-field-medium wpforms-field-required\" name=\"wpforms[fields][3]\" spellcheck=\"false\" aria-errormessage=\"wpforms-543-field_3-error\" required><\/div><div id=\"wpforms-543-field_2-container\" class=\"wpforms-field wpforms-field-textarea\" data-field-id=\"2\"><label class=\"wpforms-field-label\" for=\"wpforms-543-field_2\">Message<\/label><textarea id=\"wpforms-543-field_2\" class=\"wpforms-field-medium\" name=\"wpforms[fields][2]\" aria-errormessage=\"wpforms-543-field_2-error\" ><\/textarea><\/div><script>\n\t\t\t\t( function() {\n\t\t\t\t\tconst style = document.createElement( 'style' );\n\t\t\t\t\tstyle.appendChild( document.createTextNode( '#wpforms-543-field_1-container { position: absolute !important; overflow: hidden !important; display: inline !important; height: 1px !important; width: 1px !important; z-index: -1000 !important; padding: 0 !important; } #wpforms-543-field_1-container input { visibility: hidden; } #wpforms-conversational-form-page #wpforms-543-field_1-container label { counter-increment: none; }' ) );\n\t\t\t\t\tdocument.head.appendChild( style );\n\t\t\t\t\tdocument.currentScript?.remove();\n\t\t\t\t} )();\n\t\t\t<\/script><\/div><!-- .wpforms-field-container --><div class=\"wpforms-recaptcha-container wpforms-is-recaptcha wpforms-is-recaptcha-type-v3\" ><input type=\"hidden\" name=\"wpforms[recaptcha]\" value=\"\"><\/div><div class=\"wpforms-submit-container\" ><input type=\"hidden\" name=\"wpforms[id]\" value=\"543\"><input type=\"hidden\" name=\"page_title\" value=\"\"><input type=\"hidden\" name=\"page_url\" value=\"https:\/\/studiogold.al\/en\/wp-json\/wp\/v2\/pages\/82\"><input type=\"hidden\" name=\"url_referer\" value=\"\"><button type=\"submit\" name=\"wpforms[submit]\" id=\"wpforms-submit-543\" class=\"wpforms-submit\" data-alt-text=\"Sending\u2026\" data-submit-text=\"D\u00ebrgo\" aria-live=\"assertive\" value=\"wpforms-submit\">Send<\/button><img decoding=\"async\" src=\"https:\/\/studiogold.al\/wp-content\/plugins\/wpforms-lite\/assets\/images\/submit-spin.svg\" class=\"wpforms-submit-spinner\" style=\"display: none;\" width=\"26\" height=\"26\" alt=\"Loading\"><\/div><input type=\"hidden\" name=\"trp-form-language\" value=\"en\"\/><\/form><\/div>  <!-- .wpforms-container -->\t\t\t\t<\/div>\n\t\t\t\t<\/div>\n\t\t\t\t\t<\/div>\n\t\t\t\t<\/div>\n\t\t<div class=\"elementor-element elementor-element-eeb8b0f e-flex e-con-boxed e-con e-parent\" data-id=\"eeb8b0f\" data-element_type=\"container\">\n\t\t\t\t\t<div class=\"e-con-inner\">\n\t\t<div class=\"elementor-element elementor-element-07093c7 e-con-full e-flex e-con e-child\" data-id=\"07093c7\" data-element_type=\"container\">\n\t\t\t\t<div class=\"elementor-element elementor-element-0802067 elementor-widget elementor-widget-html\" data-id=\"0802067\" data-element_type=\"widget\" data-widget_type=\"html.default\">\n\t\t\t\t<div class=\"elementor-widget-container\">\n\t\t\t\t\t<div class=\"contact\">\n    <h2>Location:<\/h2>\n<a href=\"https:\/\/maps.app.goo.gl\/wTF1RzUakQuMprdP6\"><h4><i class=\"fa-solid fa-location-dot\"><\/i> Rruga Frederik Shiroka, Tiran\u00eb 1001<\/h4><\/a>\n    <h2>Email:<\/h2>\n<a href=\"mailto:studiogoldtr@gmail.com\"><h4><i class=\"fa-solid fa-envelope\"><\/i> studiogoldtr@gmail.com<\/h4><\/a>\n<h2>Phone:<\/h2>\n<a href=\"tel:+355688625671\"><h4><i class=\"fa-solid fa-phone\"><\/i> +355688625671<\/h4><\/a>\n<h2>Whatsapp:<\/h2>\n<a href=\"https:\/\/wa.me\/355693597711\"><h4><i class=\"fa-solid fa-phone\"><\/i> +355693597711<\/h4><\/a>\n<\/div>\t\t\t\t<\/div>\n\t\t\t\t<\/div>\n\t\t\t\t<\/div>\n\t\t<div class=\"elementor-element elementor-element-98b4e0c e-con-full e-flex e-con e-child\" data-id=\"98b4e0c\" data-element_type=\"container\">\n\t\t\t\t<div class=\"elementor-element elementor-element-4a1d909 elementor-widget elementor-widget-google_maps\" data-id=\"4a1d909\" data-element_type=\"widget\" data-widget_type=\"google_maps.default\">\n\t\t\t\t<div class=\"elementor-widget-container\">\n\t\t\t\t\t\t\t<div class=\"elementor-custom-embed\">\n\t\t\t<iframe loading=\"lazy\"\n\t\t\t\t\tsrc=\"https:\/\/maps.google.com\/maps?q=Rruga%20Frederik%20Shiroka%2C%20Studio%20Gold&#038;t=m&#038;z=14&#038;output=embed&#038;iwloc=near\"\n\t\t\t\t\ttitle=\"Rruga Frederik Shiroka, Studio Gold\"\n\t\t\t\t\taria-label=\"Rruga Frederik Shiroka, Studio Gold\"\n\t\t\t><\/iframe>\n\t\t<\/div>\n\t\t\t\t\t\t<\/div>\n\t\t\t\t<\/div>\n\t\t\t\t<\/div>\n\t\t\t\t\t<\/div>\n\t\t\t\t<\/div>\n\t\t\t\t<\/div>","protected":false},"excerpt":{"rendered":"<p>Kapja e momenteve t\u00eb p\u00ebrjetshme, krijimi i kujtimeve t\u00eb p\u00ebrjetshme T\u00eb mbetemi n\u00eb Kontakt Please enable JavaScript in your browser to complete this form.Please enable JavaScript in your browser to complete this form.Emri *Email *Mesazhi D\u00ebrgo Adresa: Rruga Frederik Shiroka, Tiran\u00eb 1001 Email: studiogoldtr@gmail.com Telefoni: +355688625671 Whatsapp: +355693597711<\/p>","protected":false},"author":1,"featured_media":0,"parent":0,"menu_order":0,"comment_status":"closed","ping_status":"closed","template":"","meta":{"om_disable_all_campaigns":false,"ocean_post_layout":"","ocean_both_sidebars_style":"","ocean_both_sidebars_content_width":0,"ocean_both_sidebars_sidebars_width":0,"ocean_sidebar":"","ocean_second_sidebar":"","ocean_disable_margins":"enable","ocean_add_body_class":"","ocean_shortcode_before_top_bar":"","ocean_shortcode_after_top_bar":"","ocean_shortcode_before_header":"","ocean_shortcode_after_header":"","ocean_has_shortcode":"","ocean_shortcode_after_title":"","ocean_shortcode_before_footer_widgets":"","ocean_shortcode_after_footer_widgets":"","ocean_shortcode_before_footer_bottom":"","ocean_shortcode_after_footer_bottom":"","ocean_display_top_bar":"default","ocean_display_header":"default","ocean_header_style":"","ocean_center_header_left_menu":"","ocean_custom_header_template":"","ocean_custom_logo":0,"ocean_custom_retina_logo":0,"ocean_custom_logo_max_width":0,"ocean_custom_logo_tablet_max_width":0,"ocean_custom_logo_mobile_max_width":0,"ocean_custom_logo_max_height":0,"ocean_custom_logo_tablet_max_height":0,"ocean_custom_logo_mobile_max_height":0,"ocean_header_custom_menu":"","ocean_menu_typo_font_family":"","ocean_menu_typo_font_subset":"","ocean_menu_typo_font_size":0,"ocean_menu_typo_font_size_tablet":0,"ocean_menu_typo_font_size_mobile":0,"ocean_menu_typo_font_size_unit":"px","ocean_menu_typo_font_weight":"","ocean_menu_typo_font_weight_tablet":"","ocean_menu_typo_font_weight_mobile":"","ocean_menu_typo_transform":"","ocean_menu_typo_transform_tablet":"","ocean_menu_typo_transform_mobile":"","ocean_menu_typo_line_height":0,"ocean_menu_typo_line_height_tablet":0,"ocean_menu_typo_line_height_mobile":0,"ocean_menu_typo_line_height_unit":"","ocean_menu_typo_spacing":0,"ocean_menu_typo_spacing_tablet":0,"ocean_menu_typo_spacing_mobile":0,"ocean_menu_typo_spacing_unit":"","ocean_menu_link_color":"","ocean_menu_link_color_hover":"","ocean_menu_link_color_active":"","ocean_menu_link_background":"","ocean_menu_link_hover_background":"","ocean_menu_link_active_background":"","ocean_menu_social_links_bg":"","ocean_menu_social_hover_links_bg":"","ocean_menu_social_links_color":"","ocean_menu_social_hover_links_color":"","ocean_disable_title":"default","ocean_disable_heading":"default","ocean_post_title":"","ocean_post_subheading":"","ocean_post_title_style":"","ocean_post_title_background_color":"","ocean_post_title_background":0,"ocean_post_title_bg_image_position":"","ocean_post_title_bg_image_attachment":"","ocean_post_title_bg_image_repeat":"","ocean_post_title_bg_image_size":"","ocean_post_title_height":0,"ocean_post_title_bg_overlay":0.5,"ocean_post_title_bg_overlay_color":"","ocean_disable_breadcrumbs":"default","ocean_breadcrumbs_color":"","ocean_breadcrumbs_separator_color":"","ocean_breadcrumbs_links_color":"","ocean_breadcrumbs_links_hover_color":"","ocean_display_footer_widgets":"default","ocean_display_footer_bottom":"default","ocean_custom_footer_template":"","footnotes":""},"class_list":["post-82","page","type-page","status-publish","hentry","entry"],"yoast_head":"<!-- This site is optimized with the Yoast SEO plugin v25.3.1 - https:\/\/yoast.com\/wordpress\/plugins\/seo\/ -->\n<title>Na Kontaktoni - Studio Gold<\/title>\n<meta name=\"description\" content=\"N\u00eb Studio Gold, ne e kuptojm\u00eb r\u00ebnd\u00ebsin\u00eb e k\u00ebtyre momenteve n\u00eb jet\u00ebn tuaj. K\u00ebshtu, ne p\u00ebrdorim vet\u00ebm teknikat m\u00eb t\u00eb avancuara dhe teknologjin\u00eb m\u00eb t\u00eb fundit. % %\" \/>\n<meta name=\"robots\" content=\"index, follow, max-snippet:-1, max-image-preview:large, max-video-preview:-1\" \/>\n<link rel=\"canonical\" href=\"https:\/\/studiogold.al\/en\/contact\/\" \/>\n<meta property=\"og:locale\" content=\"en_US\" \/>\n<meta property=\"og:type\" content=\"article\" \/>\n<meta property=\"og:title\" content=\"Na Kontaktoni - Studio Gold\" \/>\n<meta property=\"og:description\" content=\"N\u00eb Studio Gold, ne e kuptojm\u00eb r\u00ebnd\u00ebsin\u00eb e k\u00ebtyre momenteve n\u00eb jet\u00ebn tuaj. K\u00ebshtu, ne p\u00ebrdorim vet\u00ebm teknikat m\u00eb t\u00eb avancuara dhe teknologjin\u00eb m\u00eb t\u00eb fundit. % %\" \/>\n<meta property=\"og:url\" content=\"https:\/\/studiogold.al\/en\/contact\/\" \/>\n<meta property=\"og:site_name\" content=\"Studio Gold\" \/>\n<meta property=\"article:modified_time\" content=\"2024-07-30T19:22:42+00:00\" \/>\n<meta property=\"og:image\" content=\"https:\/\/studiogold.al\/wp-content\/plugins\/wpforms-lite\/assets\/images\/submit-spin.svg\" \/>\n<meta name=\"twitter:card\" content=\"summary_large_image\" \/>\n<meta name=\"twitter:label1\" content=\"Est. reading time\" \/>\n\t<meta name=\"twitter:data1\" content=\"1 minute\" \/>\n<script type=\"application\/ld+json\" class=\"yoast-schema-graph\">{\"@context\":\"https:\/\/schema.org\",\"@graph\":[{\"@type\":[\"WebPage\",\"ContactPage\"],\"@id\":\"https:\/\/studiogold.al\/contact\/\",\"url\":\"https:\/\/studiogold.al\/contact\/\",\"name\":\"Na Kontaktoni - Studio Gold\",\"isPartOf\":{\"@id\":\"https:\/\/studiogold.al\/#website\"},\"primaryImageOfPage\":{\"@id\":\"https:\/\/studiogold.al\/contact\/#primaryimage\"},\"image\":{\"@id\":\"https:\/\/studiogold.al\/contact\/#primaryimage\"},\"thumbnailUrl\":\"https:\/\/studiogold.al\/wp-content\/plugins\/wpforms-lite\/assets\/images\/submit-spin.svg\",\"datePublished\":\"2016-11-29T05:05:02+00:00\",\"dateModified\":\"2024-07-30T19:22:42+00:00\",\"description\":\"N\u00eb Studio Gold, ne e kuptojm\u00eb r\u00ebnd\u00ebsin\u00eb e k\u00ebtyre momenteve n\u00eb jet\u00ebn tuaj. K\u00ebshtu, ne p\u00ebrdorim vet\u00ebm teknikat m\u00eb t\u00eb avancuara dhe teknologjin\u00eb m\u00eb t\u00eb fundit. % %\",\"breadcrumb\":{\"@id\":\"https:\/\/studiogold.al\/contact\/#breadcrumb\"},\"inLanguage\":\"en-US\",\"potentialAction\":[{\"@type\":\"ReadAction\",\"target\":[\"https:\/\/studiogold.al\/contact\/\"]}]},{\"@type\":\"ImageObject\",\"inLanguage\":\"en-US\",\"@id\":\"https:\/\/studiogold.al\/contact\/#primaryimage\",\"url\":\"https:\/\/studiogold.al\/wp-content\/plugins\/wpforms-lite\/assets\/images\/submit-spin.svg\",\"contentUrl\":\"https:\/\/studiogold.al\/wp-content\/plugins\/wpforms-lite\/assets\/images\/submit-spin.svg\"},{\"@type\":\"BreadcrumbList\",\"@id\":\"https:\/\/studiogold.al\/contact\/#breadcrumb\",\"itemListElement\":[{\"@type\":\"ListItem\",\"position\":1,\"name\":\"Home\",\"item\":\"https:\/\/studiogold.al\/\"},{\"@type\":\"ListItem\",\"position\":2,\"name\":\"Na Kontaktoni\"}]},{\"@type\":\"WebSite\",\"@id\":\"https:\/\/studiogold.al\/#website\",\"url\":\"https:\/\/studiogold.al\/\",\"name\":\"Studio Gold\",\"description\":\"Turning Moments into Memories: Your Wedding, Our Art.\",\"publisher\":{\"@id\":\"https:\/\/studiogold.al\/#organization\"},\"potentialAction\":[{\"@type\":\"SearchAction\",\"target\":{\"@type\":\"EntryPoint\",\"urlTemplate\":\"https:\/\/studiogold.al\/?s={search_term_string}\"},\"query-input\":{\"@type\":\"PropertyValueSpecification\",\"valueRequired\":true,\"valueName\":\"search_term_string\"}}],\"inLanguage\":\"en-US\"},{\"@type\":\"Organization\",\"@id\":\"https:\/\/studiogold.al\/#organization\",\"name\":\"Studio Gold\",\"url\":\"https:\/\/studiogold.al\/\",\"logo\":{\"@type\":\"ImageObject\",\"inLanguage\":\"en-US\",\"@id\":\"https:\/\/studiogold.al\/#\/schema\/logo\/image\/\",\"url\":\"https:\/\/studiogold.al\/wp-content\/uploads\/2024\/02\/cropped-StudioGoldLOGO-2.png\",\"contentUrl\":\"https:\/\/studiogold.al\/wp-content\/uploads\/2024\/02\/cropped-StudioGoldLOGO-2.png\",\"width\":2250,\"height\":2251,\"caption\":\"Studio Gold\"},\"image\":{\"@id\":\"https:\/\/studiogold.al\/#\/schema\/logo\/image\/\"}}]}<\/script>\n<!-- \/ Yoast SEO plugin. -->","yoast_head_json":{"title":"Na Kontaktoni - Studio Gold","description":"N\u00eb Studio Gold, ne e kuptojm\u00eb r\u00ebnd\u00ebsin\u00eb e k\u00ebtyre momenteve n\u00eb jet\u00ebn tuaj. K\u00ebshtu, ne p\u00ebrdorim vet\u00ebm teknikat m\u00eb t\u00eb avancuara dhe teknologjin\u00eb m\u00eb t\u00eb fundit. % %","robots":{"index":"index","follow":"follow","max-snippet":"max-snippet:-1","max-image-preview":"max-image-preview:large","max-video-preview":"max-video-preview:-1"},"canonical":"https:\/\/studiogold.al\/en\/contact\/","og_locale":"en_US","og_type":"article","og_title":"Na Kontaktoni - Studio Gold","og_description":"N\u00eb Studio Gold, ne e kuptojm\u00eb r\u00ebnd\u00ebsin\u00eb e k\u00ebtyre momenteve n\u00eb jet\u00ebn tuaj. K\u00ebshtu, ne p\u00ebrdorim vet\u00ebm teknikat m\u00eb t\u00eb avancuara dhe teknologjin\u00eb m\u00eb t\u00eb fundit. % %","og_url":"https:\/\/studiogold.al\/en\/contact\/","og_site_name":"Studio Gold","article_modified_time":"2024-07-30T19:22:42+00:00","og_image":[{"url":"https:\/\/studiogold.al\/wp-content\/plugins\/wpforms-lite\/assets\/images\/submit-spin.svg","type":"","width":"","height":""}],"twitter_card":"summary_large_image","twitter_misc":{"Est. reading time":"1 minute"},"schema":{"@context":"https:\/\/schema.org","@graph":[{"@type":["WebPage","ContactPage"],"@id":"https:\/\/studiogold.al\/contact\/","url":"https:\/\/studiogold.al\/contact\/","name":"Na Kontaktoni - Studio Gold","isPartOf":{"@id":"https:\/\/studiogold.al\/#website"},"primaryImageOfPage":{"@id":"https:\/\/studiogold.al\/contact\/#primaryimage"},"image":{"@id":"https:\/\/studiogold.al\/contact\/#primaryimage"},"thumbnailUrl":"https:\/\/studiogold.al\/wp-content\/plugins\/wpforms-lite\/assets\/images\/submit-spin.svg","datePublished":"2016-11-29T05:05:02+00:00","dateModified":"2024-07-30T19:22:42+00:00","description":"N\u00eb Studio Gold, ne e kuptojm\u00eb r\u00ebnd\u00ebsin\u00eb e k\u00ebtyre momenteve n\u00eb jet\u00ebn tuaj. K\u00ebshtu, ne p\u00ebrdorim vet\u00ebm teknikat m\u00eb t\u00eb avancuara dhe teknologjin\u00eb m\u00eb t\u00eb fundit. % %","breadcrumb":{"@id":"https:\/\/studiogold.al\/contact\/#breadcrumb"},"inLanguage":"en-US","potentialAction":[{"@type":"ReadAction","target":["https:\/\/studiogold.al\/contact\/"]}]},{"@type":"ImageObject","inLanguage":"en-US","@id":"https:\/\/studiogold.al\/contact\/#primaryimage","url":"https:\/\/studiogold.al\/wp-content\/plugins\/wpforms-lite\/assets\/images\/submit-spin.svg","contentUrl":"https:\/\/studiogold.al\/wp-content\/plugins\/wpforms-lite\/assets\/images\/submit-spin.svg"},{"@type":"BreadcrumbList","@id":"https:\/\/studiogold.al\/contact\/#breadcrumb","itemListElement":[{"@type":"ListItem","position":1,"name":"Home","item":"https:\/\/studiogold.al\/"},{"@type":"ListItem","position":2,"name":"Na Kontaktoni"}]},{"@type":"WebSite","@id":"https:\/\/studiogold.al\/#website","url":"https:\/\/studiogold.al\/","name":"Studio Gold","description":"Turning Moments into Memories: Your Wedding, Our Art.","publisher":{"@id":"https:\/\/studiogold.al\/#organization"},"potentialAction":[{"@type":"SearchAction","target":{"@type":"EntryPoint","urlTemplate":"https:\/\/studiogold.al\/?s={search_term_string}"},"query-input":{"@type":"PropertyValueSpecification","valueRequired":true,"valueName":"search_term_string"}}],"inLanguage":"en-US"},{"@type":"Organization","@id":"https:\/\/studiogold.al\/#organization","name":"Studio Gold","url":"https:\/\/studiogold.al\/","logo":{"@type":"ImageObject","inLanguage":"en-US","@id":"https:\/\/studiogold.al\/#\/schema\/logo\/image\/","url":"https:\/\/studiogold.al\/wp-content\/uploads\/2024\/02\/cropped-StudioGoldLOGO-2.png","contentUrl":"https:\/\/studiogold.al\/wp-content\/uploads\/2024\/02\/cropped-StudioGoldLOGO-2.png","width":2250,"height":2251,"caption":"Studio Gold"},"image":{"@id":"https:\/\/studiogold.al\/#\/schema\/logo\/image\/"}}]}},"jetpack_sharing_enabled":true,"_links":{"self":[{"href":"https:\/\/studiogold.al\/en\/wp-json\/wp\/v2\/pages\/82","targetHints":{"allow":["GET"]}}],"collection":[{"href":"https:\/\/studiogold.al\/en\/wp-json\/wp\/v2\/pages"}],"about":[{"href":"https:\/\/studiogold.al\/en\/wp-json\/wp\/v2\/types\/page"}],"author":[{"embeddable":true,"href":"https:\/\/studiogold.al\/en\/wp-json\/wp\/v2\/users\/1"}],"replies":[{"embeddable":true,"href":"https:\/\/studiogold.al\/en\/wp-json\/wp\/v2\/comments?post=82"}],"version-history":[{"count":104,"href":"https:\/\/studiogold.al\/en\/wp-json\/wp\/v2\/pages\/82\/revisions"}],"predecessor-version":[{"id":1060,"href":"https:\/\/studiogold.al\/en\/wp-json\/wp\/v2\/pages\/82\/revisions\/1060"}],"wp:attachment":[{"href":"https:\/\/studiogold.al\/en\/wp-json\/wp\/v2\/media?parent=82"}],"curies":[{"name":"wp","href":"https:\/\/api.w.org\/{rel}","templated":true}]}}