{"id":35,"date":"2016-11-29T01:21:42","date_gmt":"2016-11-29T01:21:42","guid":{"rendered":"https:\/\/oceanwp.org\/stylish\/?page_id=35"},"modified":"2024-04-30T21:02:48","modified_gmt":"2024-04-30T20:02:48","slug":"about","status":"publish","type":"page","link":"https:\/\/studiogold.al\/en\/about\/","title":{"rendered":"About Us"},"content":{"rendered":"<div data-elementor-type=\"wp-post\" data-elementor-id=\"35\" class=\"elementor elementor-35\">\n\t\t\t\t\t\t<section class=\"elementor-section elementor-top-section elementor-element elementor-element-qflue6d elementor-section-height-min-height elementor-section-full_width elementor-section-height-default elementor-section-items-middle\" data-id=\"qflue6d\" data-element_type=\"section\" data-settings=\"{&quot;background_background&quot;:&quot;classic&quot;}\">\n\t\t\t\t\t\t\t<div class=\"elementor-background-overlay\"><\/div>\n\t\t\t\t\t\t\t<div class=\"elementor-container elementor-column-gap-default\">\n\t\t\t\t\t<div class=\"elementor-column elementor-col-100 elementor-top-column elementor-element elementor-element-d370te9\" data-id=\"d370te9\" data-element_type=\"column\">\n\t\t\t<div class=\"elementor-widget-wrap elementor-element-populated\">\n\t\t\t\t\t\t<div class=\"elementor-element elementor-element-q7kzudq elementor-widget elementor-widget-heading\" data-id=\"q7kzudq\" data-element_type=\"widget\" data-widget_type=\"heading.default\">\n\t\t\t\t<div class=\"elementor-widget-container\">\n\t\t\t\t\t<h1 class=\"elementor-heading-title elementor-size-default\">About Us<\/h1>\t\t\t\t<\/div>\n\t\t\t\t<\/div>\n\t\t\t\t\t<\/div>\n\t\t<\/div>\n\t\t\t\t\t<\/div>\n\t\t<\/section>\n\t\t\t\t<section class=\"elementor-section elementor-top-section elementor-element elementor-element-48aa9da elementor-section-boxed elementor-section-height-default elementor-section-height-default\" data-id=\"48aa9da\" data-element_type=\"section\">\n\t\t\t\t\t\t<div class=\"elementor-container elementor-column-gap-default\">\n\t\t\t\t\t<div class=\"elementor-column elementor-col-50 elementor-top-column elementor-element elementor-element-0fc19eb\" data-id=\"0fc19eb\" data-element_type=\"column\" data-settings=\"{&quot;background_background&quot;:&quot;classic&quot;}\">\n\t\t\t<div class=\"elementor-widget-wrap elementor-element-populated\">\n\t\t\t\t\t\t<div class=\"elementor-element elementor-element-113c8ca e-transform elementor-widget elementor-widget-image\" data-id=\"113c8ca\" data-element_type=\"widget\" data-settings=\"{&quot;_transform_translateX_effect&quot;:{&quot;unit&quot;:&quot;px&quot;,&quot;size&quot;:37,&quot;sizes&quot;:[]},&quot;_transform_translateY_effect&quot;:{&quot;unit&quot;:&quot;px&quot;,&quot;size&quot;:-37,&quot;sizes&quot;:[]},&quot;_transform_translateX_effect_mobile&quot;:{&quot;unit&quot;:&quot;px&quot;,&quot;size&quot;:0,&quot;sizes&quot;:[]},&quot;_transform_translateY_effect_mobile&quot;:{&quot;unit&quot;:&quot;px&quot;,&quot;size&quot;:-61,&quot;sizes&quot;:[]},&quot;_transform_translateX_effect_tablet&quot;:{&quot;unit&quot;:&quot;px&quot;,&quot;size&quot;:&quot;&quot;,&quot;sizes&quot;:[]},&quot;_transform_translateY_effect_tablet&quot;:{&quot;unit&quot;:&quot;px&quot;,&quot;size&quot;:&quot;&quot;,&quot;sizes&quot;:[]}}\" data-widget_type=\"image.default\">\n\t\t\t\t<div class=\"elementor-widget-container\">\n\t\t\t\t\t\t\t\t\t\t\t\t\t\t\t<img fetchpriority=\"high\" decoding=\"async\" width=\"768\" height=\"960\" src=\"https:\/\/studiogold.al\/wp-content\/uploads\/2024\/02\/310689823_647243030365418_5789325621392319849_n.webp-768x960.jpeg\" class=\"attachment-medium_large size-medium_large wp-image-414\" alt=\"Studio Gold\" srcset=\"https:\/\/studiogold.al\/wp-content\/uploads\/2024\/02\/310689823_647243030365418_5789325621392319849_n.webp-768x960.jpeg 768w, https:\/\/studiogold.al\/wp-content\/uploads\/2024\/02\/310689823_647243030365418_5789325621392319849_n.webp-240x300.jpeg 240w, https:\/\/studiogold.al\/wp-content\/uploads\/2024\/02\/310689823_647243030365418_5789325621392319849_n.webp-819x1024.jpeg 819w, https:\/\/studiogold.al\/wp-content\/uploads\/2024\/02\/310689823_647243030365418_5789325621392319849_n.webp-600x750.jpeg 600w, https:\/\/studiogold.al\/wp-content\/uploads\/2024\/02\/310689823_647243030365418_5789325621392319849_n.webp.jpeg 1080w\" sizes=\"(max-width: 768px) 100vw, 768px\" \/>\t\t\t\t\t\t\t\t\t\t\t\t\t\t\t<\/div>\n\t\t\t\t<\/div>\n\t\t\t\t\t<\/div>\n\t\t<\/div>\n\t\t\t\t<div class=\"elementor-column elementor-col-50 elementor-top-column elementor-element elementor-element-ff2447c\" data-id=\"ff2447c\" data-element_type=\"column\">\n\t\t\t<div class=\"elementor-widget-wrap elementor-element-populated\">\n\t\t\t\t\t\t<div class=\"elementor-element elementor-element-7bf1952 elementor-widget elementor-widget-heading\" data-id=\"7bf1952\" data-element_type=\"widget\" data-widget_type=\"heading.default\">\n\t\t\t\t<div class=\"elementor-widget-container\">\n\t\t\t\t\t<p class=\"elementor-heading-title elementor-size-default\">My Name is Sokol Bilo<\/p>\t\t\t\t<\/div>\n\t\t\t\t<\/div>\n\t\t\t\t<div class=\"elementor-element elementor-element-f9c576f elementor-widget elementor-widget-heading\" data-id=\"f9c576f\" data-element_type=\"widget\" data-widget_type=\"heading.default\">\n\t\t\t\t<div class=\"elementor-widget-container\">\n\t\t\t\t\t<h2 class=\"elementor-heading-title elementor-size-default\">I am Professional Photographer And Videographer<\/h2>\t\t\t\t<\/div>\n\t\t\t\t<\/div>\n\t\t\t\t<div class=\"elementor-element elementor-element-a59ebe4 elementor-widget-divider--view-line elementor-widget elementor-widget-divider\" data-id=\"a59ebe4\" data-element_type=\"widget\" data-widget_type=\"divider.default\">\n\t\t\t\t<div class=\"elementor-widget-container\">\n\t\t\t\t\t\t\t<div class=\"elementor-divider\">\n\t\t\t<span class=\"elementor-divider-separator\">\n\t\t\t\t\t\t<\/span>\n\t\t<\/div>\n\t\t\t\t\t\t<\/div>\n\t\t\t\t<\/div>\n\t\t\t\t<div class=\"elementor-element elementor-element-b20727d elementor-widget elementor-widget-text-editor\" data-id=\"b20727d\" data-element_type=\"widget\" data-widget_type=\"text-editor.default\">\n\t\t\t\t<div class=\"elementor-widget-container\">\n\t\t\t\t\t\t\t\t\t<div data-id=\"071d35d\" data-element_type=\"widget\" data-widget_type=\"text-editor.default\"><div><p>With over 20 years in the field of photography and videography, Studio Gold comes to your help.<\/p><p>We pride ourselves on our unparalleled skill in wedding cinematography, turning your most cherished moments into everlasting memories through our captivating wedding clips.<\/p><\/div><\/div>\t\t\t\t\t\t\t\t<\/div>\n\t\t\t\t<\/div>\n\t\t\t\t<div class=\"elementor-element elementor-element-ccc677b elementor-align-left elementor-widget elementor-widget-button\" data-id=\"ccc677b\" data-element_type=\"widget\" data-widget_type=\"button.default\">\n\t\t\t\t<div class=\"elementor-widget-container\">\n\t\t\t\t\t\t\t\t\t<div class=\"elementor-button-wrapper\">\n\t\t\t\t\t<a class=\"elementor-button elementor-button-link elementor-size-sm\" href=\"https:\/\/studiogold.al\/en\/?page_id=82\">\n\t\t\t\t\t\t<span class=\"elementor-button-content-wrapper\">\n\t\t\t\t\t\t\t\t\t<span class=\"elementor-button-text\">Contact Us<\/span>\n\t\t\t\t\t<\/span>\n\t\t\t\t\t<\/a>\n\t\t\t\t<\/div>\n\t\t\t\t\t\t\t\t<\/div>\n\t\t\t\t<\/div>\n\t\t\t\t\t<\/div>\n\t\t<\/div>\n\t\t\t\t\t<\/div>\n\t\t<\/section>\n\t\t\t\t<section class=\"elementor-section elementor-top-section elementor-element elementor-element-tkml1zg elementor-section-boxed elementor-section-height-default elementor-section-height-default\" data-id=\"tkml1zg\" data-element_type=\"section\">\n\t\t\t\t\t\t<div class=\"elementor-container elementor-column-gap-default\">\n\t\t\t\t\t<div class=\"elementor-column elementor-col-100 elementor-top-column elementor-element elementor-element-97j26r1\" data-id=\"97j26r1\" data-element_type=\"column\">\n\t\t\t<div class=\"elementor-widget-wrap elementor-element-populated\">\n\t\t\t\t\t\t<div class=\"elementor-element elementor-element-9ztptpn elementor-widget elementor-widget-heading\" data-id=\"9ztptpn\" data-element_type=\"widget\" data-widget_type=\"heading.default\">\n\t\t\t\t<div class=\"elementor-widget-container\">\n\t\t\t\t\t<h2 class=\"elementor-heading-title elementor-size-default\">Who i am?<\/h2>\t\t\t\t<\/div>\n\t\t\t\t<\/div>\n\t\t\t\t<section class=\"elementor-section elementor-inner-section elementor-element elementor-element-d4wxxd4 elementor-section-content-middle elementor-section-boxed elementor-section-height-default elementor-section-height-default\" data-id=\"d4wxxd4\" data-element_type=\"section\">\n\t\t\t\t\t\t<div class=\"elementor-container elementor-column-gap-default\">\n\t\t\t\t\t<div class=\"elementor-column elementor-col-50 elementor-inner-column elementor-element elementor-element-p1vugkz\" data-id=\"p1vugkz\" data-element_type=\"column\">\n\t\t\t<div class=\"elementor-widget-wrap elementor-element-populated\">\n\t\t\t\t\t\t<div class=\"elementor-element elementor-element-u2ig30t elementor-widget elementor-widget-text-editor\" data-id=\"u2ig30t\" data-element_type=\"widget\" data-widget_type=\"text-editor.default\">\n\t\t\t\t<div class=\"elementor-widget-container\">\n\t\t\t\t\t\t\t\t\t<p>With a keen eye for detail and a commitment to excellence, our services include meticulous videography and photo editing to enhance the natural beauty and excitement of your special occasions. We specialize in the art of wedding cinematography, creating unforgettable wedding video clips. Beyond this, our expertise extends to covering birthdays and various events, all accompanied by meticulous videography and photo editing for a polished and refined finish.<\/p>\t\t\t\t\t\t\t\t<\/div>\n\t\t\t\t<\/div>\n\t\t\t\t\t<\/div>\n\t\t<\/div>\n\t\t\t\t<div class=\"elementor-column elementor-col-50 elementor-inner-column elementor-element elementor-element-sbw8oz0\" data-id=\"sbw8oz0\" data-element_type=\"column\">\n\t\t\t<div class=\"elementor-widget-wrap elementor-element-populated\">\n\t\t\t\t\t\t<div class=\"elementor-element elementor-element-sw4ebmb elementor-widget elementor-widget-text-editor\" data-id=\"sw4ebmb\" data-element_type=\"widget\" data-widget_type=\"text-editor.default\">\n\t\t\t\t<div class=\"elementor-widget-container\">\n\t\t\t\t\t\t\t\t\t<p>At Studio Gold, we understand the importance of these moments in your life. Thus, we use only the most advanced techniques and the latest technology to deliver polished and refined visuals that tell your unique story in the most beautiful way possible. Our dedicated team of professionals work tirelessly to deliver a personalized experience, tailored to meet your specific needs and preferences, ensuring your complete satisfaction with every frame captured.<\/p>\t\t\t\t\t\t\t\t<\/div>\n\t\t\t\t<\/div>\n\t\t\t\t\t<\/div>\n\t\t<\/div>\n\t\t\t\t\t<\/div>\n\t\t<\/section>\n\t\t\t\t<div class=\"elementor-element elementor-element-dfymetp elementor-widget elementor-widget-heading\" data-id=\"dfymetp\" data-element_type=\"widget\" data-widget_type=\"heading.default\">\n\t\t\t\t<div class=\"elementor-widget-container\">\n\t\t\t\t\t<h2 class=\"elementor-heading-title elementor-size-default\">Contact Us<\/h2>\t\t\t\t<\/div>\n\t\t\t\t<\/div>\n\t\t\t\t<section class=\"elementor-section elementor-inner-section elementor-element elementor-element-m57tqq6 elementor-section-boxed elementor-section-height-default elementor-section-height-default\" data-id=\"m57tqq6\" data-element_type=\"section\">\n\t\t\t\t\t\t<div class=\"elementor-container elementor-column-gap-default\">\n\t\t\t\t\t<div class=\"elementor-column elementor-col-50 elementor-inner-column elementor-element elementor-element-s5pyeph\" data-id=\"s5pyeph\" data-element_type=\"column\">\n\t\t\t<div class=\"elementor-widget-wrap elementor-element-populated\">\n\t\t\t\t\t\t<div class=\"elementor-element elementor-element-luw8n0a elementor-widget elementor-widget-text-editor\" data-id=\"luw8n0a\" data-element_type=\"widget\" data-widget_type=\"text-editor.default\">\n\t\t\t\t<div class=\"elementor-widget-container\">\n\t\t\t\t\t\t\t\t\t<h3>send me an email<\/h3><p class=\"_ap3a _aaco _aacu _aacx _aad6 _aade\" dir=\"auto\"><a href=\"mailto:studiogoldtr@gmail.com\">studiogoldtr@gmail.com<\/a><\/p>\t\t\t\t\t\t\t\t<\/div>\n\t\t\t\t<\/div>\n\t\t\t\t\t<\/div>\n\t\t<\/div>\n\t\t\t\t<div class=\"elementor-column elementor-col-50 elementor-inner-column elementor-element elementor-element-k9odgoy\" data-id=\"k9odgoy\" data-element_type=\"column\">\n\t\t\t<div class=\"elementor-widget-wrap elementor-element-populated\">\n\t\t\t\t\t\t<div class=\"elementor-element elementor-element-uaiujmm elementor-widget elementor-widget-text-editor\" data-id=\"uaiujmm\" data-element_type=\"widget\" data-widget_type=\"text-editor.default\">\n\t\t\t\t<div class=\"elementor-widget-container\">\n\t\t\t\t\t\t\t\t\t<h3>find me on instagram<\/h3><div class=\"x9f619 xjbqb8w x168nmei x13lgxp2 x5pf9jr xo71vjh x1uhb9sk x1plvlek xryxfnj x1c4vz4f x2lah0s x1q0g3np xqjyukv x1oa3qoh x6s0dn4 x78zum5 x1b8z93w x1amjocr xl56j7k\"><a href=\"https:\/\/www.instagram.com\/studiogold_sokolbilo\/\">@studiogold_sokolbilo<\/a><\/div>\t\t\t\t\t\t\t\t<\/div>\n\t\t\t\t<\/div>\n\t\t\t\t\t<\/div>\n\t\t<\/div>\n\t\t\t\t\t<\/div>\n\t\t<\/section>\n\t\t\t\t\t<\/div>\n\t\t<\/div>\n\t\t\t\t\t<\/div>\n\t\t<\/section>\n\t\t\t\t<\/div>","protected":false},"excerpt":{"rendered":"<p>Rreth Nesh Un\u00eb quhem sokol bilo Un\u00eb Jam Fotograf Dhe Videograf Profesionist Me mbi 20 vite p\u00ebrvoj\u00eb n\u00eb fush\u00ebn e fotografis\u00eb dhe videografis\u00eb, Studio Gold ju vjen n\u00eb ndihm\u00eb. Ne krenohemi me aft\u00ebsin\u00eb ton\u00eb t\u00eb pashembullt n\u00eb kinematografin\u00eb e dasmave, duke i kthyer momentet tuaja m\u00eb t\u00eb dashura n\u00eb kujtime t\u00eb p\u00ebrjetshme p\u00ebrmes klipeve tan\u00eb [&hellip;]<\/p>","protected":false},"author":1,"featured_media":0,"parent":0,"menu_order":0,"comment_status":"closed","ping_status":"closed","template":"","meta":{"om_disable_all_campaigns":false,"ocean_post_layout":"","ocean_both_sidebars_style":"","ocean_both_sidebars_content_width":0,"ocean_both_sidebars_sidebars_width":0,"ocean_sidebar":"","ocean_second_sidebar":"","ocean_disable_margins":"enable","ocean_add_body_class":"","ocean_shortcode_before_top_bar":"","ocean_shortcode_after_top_bar":"","ocean_shortcode_before_header":"","ocean_shortcode_after_header":"","ocean_has_shortcode":"","ocean_shortcode_after_title":"","ocean_shortcode_before_footer_widgets":"","ocean_shortcode_after_footer_widgets":"","ocean_shortcode_before_footer_bottom":"","ocean_shortcode_after_footer_bottom":"","ocean_display_top_bar":"default","ocean_display_header":"default","ocean_header_style":"","ocean_center_header_left_menu":"","ocean_custom_header_template":"","ocean_custom_logo":0,"ocean_custom_retina_logo":0,"ocean_custom_logo_max_width":0,"ocean_custom_logo_tablet_max_width":0,"ocean_custom_logo_mobile_max_width":0,"ocean_custom_logo_max_height":0,"ocean_custom_logo_tablet_max_height":0,"ocean_custom_logo_mobile_max_height":0,"ocean_header_custom_menu":"","ocean_menu_typo_font_family":"","ocean_menu_typo_font_subset":"","ocean_menu_typo_font_size":0,"ocean_menu_typo_font_size_tablet":0,"ocean_menu_typo_font_size_mobile":0,"ocean_menu_typo_font_size_unit":"px","ocean_menu_typo_font_weight":"","ocean_menu_typo_font_weight_tablet":"","ocean_menu_typo_font_weight_mobile":"","ocean_menu_typo_transform":"","ocean_menu_typo_transform_tablet":"","ocean_menu_typo_transform_mobile":"","ocean_menu_typo_line_height":0,"ocean_menu_typo_line_height_tablet":0,"ocean_menu_typo_line_height_mobile":0,"ocean_menu_typo_line_height_unit":"","ocean_menu_typo_spacing":0,"ocean_menu_typo_spacing_tablet":0,"ocean_menu_typo_spacing_mobile":0,"ocean_menu_typo_spacing_unit":"","ocean_menu_link_color":"","ocean_menu_link_color_hover":"","ocean_menu_link_color_active":"","ocean_menu_link_background":"","ocean_menu_link_hover_background":"","ocean_menu_link_active_background":"","ocean_menu_social_links_bg":"","ocean_menu_social_hover_links_bg":"","ocean_menu_social_links_color":"","ocean_menu_social_hover_links_color":"","ocean_disable_title":"default","ocean_disable_heading":"default","ocean_post_title":"","ocean_post_subheading":"","ocean_post_title_style":"","ocean_post_title_background_color":"","ocean_post_title_background":0,"ocean_post_title_bg_image_position":"","ocean_post_title_bg_image_attachment":"","ocean_post_title_bg_image_repeat":"","ocean_post_title_bg_image_size":"","ocean_post_title_height":0,"ocean_post_title_bg_overlay":0.5,"ocean_post_title_bg_overlay_color":"","ocean_disable_breadcrumbs":"default","ocean_breadcrumbs_color":"","ocean_breadcrumbs_separator_color":"","ocean_breadcrumbs_links_color":"","ocean_breadcrumbs_links_hover_color":"","ocean_display_footer_widgets":"default","ocean_display_footer_bottom":"default","ocean_custom_footer_template":"","footnotes":""},"class_list":["post-35","page","type-page","status-publish","hentry","entry"],"yoast_head":"<!-- This site is optimized with the Yoast SEO plugin v25.3.1 - https:\/\/yoast.com\/wordpress\/plugins\/seo\/ -->\n<title>Rreth Nesh - Studio Gold<\/title>\n<meta name=\"description\" content=\"Me nj\u00eb sy t\u00eb mpreht\u00eb p\u00ebr detaje dhe nj\u00eb p\u00ebrkushtim ndaj p\u00ebrsosm\u00ebris\u00eb, sh\u00ebrbimet tona p\u00ebrfshijn\u00eb videografi t\u00eb p\u00ebrpikt\u00eb dhe redaktim fotografie p\u00ebr t\u00eb rritur bukurin\u00eb natyrore dhe emocionet e rasteve tuaja t\u00eb ve\u00e7anta.\" \/>\n<meta name=\"robots\" content=\"index, follow, max-snippet:-1, max-image-preview:large, max-video-preview:-1\" \/>\n<link rel=\"canonical\" href=\"https:\/\/studiogold.al\/en\/about\/\" \/>\n<meta property=\"og:locale\" content=\"en_US\" \/>\n<meta property=\"og:type\" content=\"article\" \/>\n<meta property=\"og:title\" content=\"Rreth Nesh - Studio Gold\" \/>\n<meta property=\"og:description\" content=\"Me nj\u00eb sy t\u00eb mpreht\u00eb p\u00ebr detaje dhe nj\u00eb p\u00ebrkushtim ndaj p\u00ebrsosm\u00ebris\u00eb, sh\u00ebrbimet tona p\u00ebrfshijn\u00eb videografi t\u00eb p\u00ebrpikt\u00eb dhe redaktim fotografie p\u00ebr t\u00eb rritur bukurin\u00eb natyrore dhe emocionet e rasteve tuaja t\u00eb ve\u00e7anta.\" \/>\n<meta property=\"og:url\" content=\"https:\/\/studiogold.al\/en\/about\/\" \/>\n<meta property=\"og:site_name\" content=\"Studio Gold\" \/>\n<meta property=\"article:modified_time\" content=\"2024-04-30T20:02:48+00:00\" \/>\n<meta property=\"og:image\" content=\"https:\/\/studiogold.al\/wp-content\/uploads\/2024\/02\/310689823_647243030365418_5789325621392319849_n.webp-768x960.jpeg\" \/>\n<meta name=\"twitter:card\" content=\"summary_large_image\" \/>\n<meta name=\"twitter:label1\" content=\"Est. reading time\" \/>\n\t<meta name=\"twitter:data1\" content=\"2 minutes\" \/>\n<script type=\"application\/ld+json\" class=\"yoast-schema-graph\">{\"@context\":\"https:\/\/schema.org\",\"@graph\":[{\"@type\":[\"WebPage\",\"AboutPage\"],\"@id\":\"https:\/\/studiogold.al\/about\/\",\"url\":\"https:\/\/studiogold.al\/about\/\",\"name\":\"Rreth Nesh - Studio Gold\",\"isPartOf\":{\"@id\":\"https:\/\/studiogold.al\/#website\"},\"primaryImageOfPage\":{\"@id\":\"https:\/\/studiogold.al\/about\/#primaryimage\"},\"image\":{\"@id\":\"https:\/\/studiogold.al\/about\/#primaryimage\"},\"thumbnailUrl\":\"https:\/\/studiogold.al\/wp-content\/uploads\/2024\/02\/310689823_647243030365418_5789325621392319849_n.webp-768x960.jpeg\",\"datePublished\":\"2016-11-29T01:21:42+00:00\",\"dateModified\":\"2024-04-30T20:02:48+00:00\",\"description\":\"Me nj\u00eb sy t\u00eb mpreht\u00eb p\u00ebr detaje dhe nj\u00eb p\u00ebrkushtim ndaj p\u00ebrsosm\u00ebris\u00eb, sh\u00ebrbimet tona p\u00ebrfshijn\u00eb videografi t\u00eb p\u00ebrpikt\u00eb dhe redaktim fotografie p\u00ebr t\u00eb rritur bukurin\u00eb natyrore dhe emocionet e rasteve tuaja t\u00eb ve\u00e7anta.\",\"breadcrumb\":{\"@id\":\"https:\/\/studiogold.al\/about\/#breadcrumb\"},\"inLanguage\":\"en-US\",\"potentialAction\":[{\"@type\":\"ReadAction\",\"target\":[\"https:\/\/studiogold.al\/about\/\"]}]},{\"@type\":\"ImageObject\",\"inLanguage\":\"en-US\",\"@id\":\"https:\/\/studiogold.al\/about\/#primaryimage\",\"url\":\"https:\/\/studiogold.al\/wp-content\/uploads\/2024\/02\/310689823_647243030365418_5789325621392319849_n.webp-768x960.jpeg\",\"contentUrl\":\"https:\/\/studiogold.al\/wp-content\/uploads\/2024\/02\/310689823_647243030365418_5789325621392319849_n.webp-768x960.jpeg\"},{\"@type\":\"BreadcrumbList\",\"@id\":\"https:\/\/studiogold.al\/about\/#breadcrumb\",\"itemListElement\":[{\"@type\":\"ListItem\",\"position\":1,\"name\":\"Home\",\"item\":\"https:\/\/studiogold.al\/\"},{\"@type\":\"ListItem\",\"position\":2,\"name\":\"Rreth Nesh\"}]},{\"@type\":\"WebSite\",\"@id\":\"https:\/\/studiogold.al\/#website\",\"url\":\"https:\/\/studiogold.al\/\",\"name\":\"Studio Gold\",\"description\":\"Turning Moments into Memories: Your Wedding, Our Art.\",\"publisher\":{\"@id\":\"https:\/\/studiogold.al\/#organization\"},\"potentialAction\":[{\"@type\":\"SearchAction\",\"target\":{\"@type\":\"EntryPoint\",\"urlTemplate\":\"https:\/\/studiogold.al\/?s={search_term_string}\"},\"query-input\":{\"@type\":\"PropertyValueSpecification\",\"valueRequired\":true,\"valueName\":\"search_term_string\"}}],\"inLanguage\":\"en-US\"},{\"@type\":\"Organization\",\"@id\":\"https:\/\/studiogold.al\/#organization\",\"name\":\"Studio Gold\",\"url\":\"https:\/\/studiogold.al\/\",\"logo\":{\"@type\":\"ImageObject\",\"inLanguage\":\"en-US\",\"@id\":\"https:\/\/studiogold.al\/#\/schema\/logo\/image\/\",\"url\":\"https:\/\/studiogold.al\/wp-content\/uploads\/2024\/02\/cropped-StudioGoldLOGO-2.png\",\"contentUrl\":\"https:\/\/studiogold.al\/wp-content\/uploads\/2024\/02\/cropped-StudioGoldLOGO-2.png\",\"width\":2250,\"height\":2251,\"caption\":\"Studio Gold\"},\"image\":{\"@id\":\"https:\/\/studiogold.al\/#\/schema\/logo\/image\/\"}}]}<\/script>\n<!-- \/ Yoast SEO plugin. -->","yoast_head_json":{"title":"Rreth Nesh - Studio Gold","description":"Me nj\u00eb sy t\u00eb mpreht\u00eb p\u00ebr detaje dhe nj\u00eb p\u00ebrkushtim ndaj p\u00ebrsosm\u00ebris\u00eb, sh\u00ebrbimet tona p\u00ebrfshijn\u00eb videografi t\u00eb p\u00ebrpikt\u00eb dhe redaktim fotografie p\u00ebr t\u00eb rritur bukurin\u00eb natyrore dhe emocionet e rasteve tuaja t\u00eb ve\u00e7anta.","robots":{"index":"index","follow":"follow","max-snippet":"max-snippet:-1","max-image-preview":"max-image-preview:large","max-video-preview":"max-video-preview:-1"},"canonical":"https:\/\/studiogold.al\/en\/about\/","og_locale":"en_US","og_type":"article","og_title":"Rreth Nesh - Studio Gold","og_description":"Me nj\u00eb sy t\u00eb mpreht\u00eb p\u00ebr detaje dhe nj\u00eb p\u00ebrkushtim ndaj p\u00ebrsosm\u00ebris\u00eb, sh\u00ebrbimet tona p\u00ebrfshijn\u00eb videografi t\u00eb p\u00ebrpikt\u00eb dhe redaktim fotografie p\u00ebr t\u00eb rritur bukurin\u00eb natyrore dhe emocionet e rasteve tuaja t\u00eb ve\u00e7anta.","og_url":"https:\/\/studiogold.al\/en\/about\/","og_site_name":"Studio Gold","article_modified_time":"2024-04-30T20:02:48+00:00","og_image":[{"url":"https:\/\/studiogold.al\/wp-content\/uploads\/2024\/02\/310689823_647243030365418_5789325621392319849_n.webp-768x960.jpeg","type":"","width":"","height":""}],"twitter_card":"summary_large_image","twitter_misc":{"Est. reading time":"2 minutes"},"schema":{"@context":"https:\/\/schema.org","@graph":[{"@type":["WebPage","AboutPage"],"@id":"https:\/\/studiogold.al\/about\/","url":"https:\/\/studiogold.al\/about\/","name":"Rreth Nesh - Studio Gold","isPartOf":{"@id":"https:\/\/studiogold.al\/#website"},"primaryImageOfPage":{"@id":"https:\/\/studiogold.al\/about\/#primaryimage"},"image":{"@id":"https:\/\/studiogold.al\/about\/#primaryimage"},"thumbnailUrl":"https:\/\/studiogold.al\/wp-content\/uploads\/2024\/02\/310689823_647243030365418_5789325621392319849_n.webp-768x960.jpeg","datePublished":"2016-11-29T01:21:42+00:00","dateModified":"2024-04-30T20:02:48+00:00","description":"Me nj\u00eb sy t\u00eb mpreht\u00eb p\u00ebr detaje dhe nj\u00eb p\u00ebrkushtim ndaj p\u00ebrsosm\u00ebris\u00eb, sh\u00ebrbimet tona p\u00ebrfshijn\u00eb videografi t\u00eb p\u00ebrpikt\u00eb dhe redaktim fotografie p\u00ebr t\u00eb rritur bukurin\u00eb natyrore dhe emocionet e rasteve tuaja t\u00eb ve\u00e7anta.","breadcrumb":{"@id":"https:\/\/studiogold.al\/about\/#breadcrumb"},"inLanguage":"en-US","potentialAction":[{"@type":"ReadAction","target":["https:\/\/studiogold.al\/about\/"]}]},{"@type":"ImageObject","inLanguage":"en-US","@id":"https:\/\/studiogold.al\/about\/#primaryimage","url":"https:\/\/studiogold.al\/wp-content\/uploads\/2024\/02\/310689823_647243030365418_5789325621392319849_n.webp-768x960.jpeg","contentUrl":"https:\/\/studiogold.al\/wp-content\/uploads\/2024\/02\/310689823_647243030365418_5789325621392319849_n.webp-768x960.jpeg"},{"@type":"BreadcrumbList","@id":"https:\/\/studiogold.al\/about\/#breadcrumb","itemListElement":[{"@type":"ListItem","position":1,"name":"Home","item":"https:\/\/studiogold.al\/"},{"@type":"ListItem","position":2,"name":"Rreth Nesh"}]},{"@type":"WebSite","@id":"https:\/\/studiogold.al\/#website","url":"https:\/\/studiogold.al\/","name":"Studio Gold","description":"Turning Moments into Memories: Your Wedding, Our Art.","publisher":{"@id":"https:\/\/studiogold.al\/#organization"},"potentialAction":[{"@type":"SearchAction","target":{"@type":"EntryPoint","urlTemplate":"https:\/\/studiogold.al\/?s={search_term_string}"},"query-input":{"@type":"PropertyValueSpecification","valueRequired":true,"valueName":"search_term_string"}}],"inLanguage":"en-US"},{"@type":"Organization","@id":"https:\/\/studiogold.al\/#organization","name":"Studio Gold","url":"https:\/\/studiogold.al\/","logo":{"@type":"ImageObject","inLanguage":"en-US","@id":"https:\/\/studiogold.al\/#\/schema\/logo\/image\/","url":"https:\/\/studiogold.al\/wp-content\/uploads\/2024\/02\/cropped-StudioGoldLOGO-2.png","contentUrl":"https:\/\/studiogold.al\/wp-content\/uploads\/2024\/02\/cropped-StudioGoldLOGO-2.png","width":2250,"height":2251,"caption":"Studio Gold"},"image":{"@id":"https:\/\/studiogold.al\/#\/schema\/logo\/image\/"}}]}},"jetpack_sharing_enabled":true,"_links":{"self":[{"href":"https:\/\/studiogold.al\/en\/wp-json\/wp\/v2\/pages\/35","targetHints":{"allow":["GET"]}}],"collection":[{"href":"https:\/\/studiogold.al\/en\/wp-json\/wp\/v2\/pages"}],"about":[{"href":"https:\/\/studiogold.al\/en\/wp-json\/wp\/v2\/types\/page"}],"author":[{"embeddable":true,"href":"https:\/\/studiogold.al\/en\/wp-json\/wp\/v2\/users\/1"}],"replies":[{"embeddable":true,"href":"https:\/\/studiogold.al\/en\/wp-json\/wp\/v2\/comments?post=35"}],"version-history":[{"count":52,"href":"https:\/\/studiogold.al\/en\/wp-json\/wp\/v2\/pages\/35\/revisions"}],"predecessor-version":[{"id":1002,"href":"https:\/\/studiogold.al\/en\/wp-json\/wp\/v2\/pages\/35\/revisions\/1002"}],"wp:attachment":[{"href":"https:\/\/studiogold.al\/en\/wp-json\/wp\/v2\/media?parent=35"}],"curies":[{"name":"wp","href":"https:\/\/api.w.org\/{rel}","templated":true}]}}